{"id":1004,"date":"2018-11-27T06:58:51","date_gmt":"2018-11-27T06:58:51","guid":{"rendered":"http:\/\/brivona.themetechmount.com\/?page_id=1004"},"modified":"2025-08-16T16:51:17","modified_gmt":"2025-08-16T16:51:17","slug":"dr-srdjan-markovic-in-media","status":"publish","type":"page","link":"https:\/\/srdjanmarkovic.rs\/en\/dr-srdjan-markovic-in-media\/","title":{"rendered":"In media"},"content":{"rendered":"<div class=\"wpb-content-wrapper\"><p>[vc_row tm_bgimagefixed=&#8221;&#8221; break_in_responsive=&#8221;991&#8243;][vc_column width=&#8221;1\/2&#8243;][vc_video link=&#8221;https:\/\/www.youtube.com\/watch?v=3WJzizMzIm8&#8243;][\/vc_column][vc_column width=&#8221;1\/2&#8243;][vc_video link=&#8221;https:\/\/www.youtube.com\/watch?v=xeYLYzcBbcw&#8221;][\/vc_column][\/vc_row][vc_row tm_bgimagefixed=&#8221;&#8221; break_in_responsive=&#8221;991&#8243;][vc_column width=&#8221;1\/2&#8243;][vc_video link=&#8221;https:\/\/www.youtube.com\/watch?v=YD1KmmoIVVY&#8221;][\/vc_column][vc_column width=&#8221;1\/2&#8243;][vc_video link=&#8221;https:\/\/www.youtube.com\/watch?v=DatOLEMWZEY&#8221;][\/vc_column][\/vc_row][vc_row tm_bgimagefixed=&#8221;&#8221; break_in_responsive=&#8221;991&#8243;][vc_column width=&#8221;1\/2&#8243;][vc_video link=&#8221;https:\/\/www.youtube.com\/watch?v=K5B4QlQLxho&#8221;][\/vc_column][vc_column width=&#8221;1\/2&#8243;][vc_video link=&#8221;https:\/\/www.youtube.com\/watch?v=TH-Bm4xBFic&#8221;][\/vc_column][\/vc_row][vc_row tm_bgimagefixed=&#8221;&#8221; break_in_responsive=&#8221;991&#8243;][vc_column width=&#8221;1\/2&#8243;][vc_video link=&#8221;https:\/\/www.youtube.com\/watch?v=rk1y_7FRv9g&#8221;][\/vc_column][vc_column width=&#8221;1\/2&#8243;][vc_video link=&#8221;https:\/\/www.youtube.com\/watch?v=vD4lfQhPtq8&#8243;][\/vc_column][\/vc_row][vc_row tm_bgimagefixed=&#8221;&#8221; break_in_responsive=&#8221;991&#8243;][vc_column width=&#8221;1\/2&#8243;][vc_video link=&#8221;https:\/\/www.youtube.com\/watch?v=GSjfWkqFrl8&#8243;][\/vc_column][vc_column width=&#8221;1\/2&#8243;][vc_video link=&#8221;https:\/\/www.youtube.com\/watch?v=p5FI7w690i4&#8243;][\/vc_column][\/vc_row][vc_row tm_bgimagefixed=&#8221;&#8221; break_in_responsive=&#8221;991&#8243;][vc_column width=&#8221;1\/2&#8243;][vc_video link=&#8221;https:\/\/www.youtube.com\/watch?v=-xrjt_59wLk&amp;t=35s&#8221;][\/vc_column][vc_column width=&#8221;1\/2&#8243;][vc_video link=&#8221;https:\/\/www.youtube.com\/watch?v=ZTUF_q1x0So&#8221;][\/vc_column][\/vc_row][vc_row tm_bgimagefixed=&#8221;&#8221; break_in_responsive=&#8221;991&#8243;][vc_column width=&#8221;1\/2&#8243;][vc_video link=&#8221;https:\/\/www.youtube.com\/watch?v=OPlvaLRG0-k&#8221;][\/vc_column][vc_column width=&#8221;1\/2&#8243;][vc_column_text]<\/p>\n<div style=\"width: 847px;\" class=\"wp-video\"><video class=\"wp-video-shortcode\" id=\"video-1004-1\" width=\"847\" height=\"476\" preload=\"metadata\" controls=\"controls\"><source type=\"video\/mp4\" src=\"https:\/\/srdjanmarkovic.rs\/en\/wp-content\/uploads\/2023\/02\/Nazdravlje-300123.mp4?_=1\" \/><a href=\"https:\/\/srdjanmarkovic.rs\/en\/wp-content\/uploads\/2023\/02\/Nazdravlje-300123.mp4\">https:\/\/srdjanmarkovic.rs\/en\/wp-content\/uploads\/2023\/02\/Nazdravlje-300123.mp4<\/a><\/video><\/div>\n<p>[\/vc_column_text][\/vc_column][\/vc_row][vc_row tm_bgimagefixed=&#8221;&#8221; break_in_responsive=&#8221;991&#8243;][vc_column width=&#8221;1\/2&#8243;][vc_video link=&#8221;https:\/\/vimeo.com\/717248163&#8243;][\/vc_column][vc_column width=&#8221;1\/2&#8243;][vc_column_text]<\/p>\n<div style=\"width: 847px;\" class=\"wp-video\"><video class=\"wp-video-shortcode\" id=\"video-1004-2\" width=\"847\" height=\"476\" preload=\"metadata\" controls=\"controls\"><source type=\"video\/mp4\" src=\"https:\/\/srdjanmarkovic.rs\/en\/wp-content\/uploads\/2022\/12\/maticne-celije.mp4?_=2\" \/><a href=\"https:\/\/srdjanmarkovic.rs\/en\/wp-content\/uploads\/2022\/12\/maticne-celije.mp4\">https:\/\/srdjanmarkovic.rs\/en\/wp-content\/uploads\/2022\/12\/maticne-celije.mp4<\/a><\/video><\/div>\n<p>[\/vc_column_text][\/vc_column][\/vc_row][vc_row tm_bgimagefixed=&#8221;&#8221; break_in_responsive=&#8221;991&#8243;][vc_column width=&#8221;1\/2&#8243;][vc_video link=&#8221;https:\/\/youtu.be\/krtSYJeWqJE&#8221;][\/vc_column][vc_column width=&#8221;1\/2&#8243;][vc_video link=&#8221;https:\/\/www.youtube.com\/watch?v=XGAxTyzzSuA&#8221; css=&#8221;&#8221;][\/vc_column][\/vc_row][vc_row tm_bgimagefixed=&#8221;&#8221; break_in_responsive=&#8221;991&#8243;][vc_column width=&#8221;1\/2&#8243;][vc_video link=&#8221;https:\/\/www.youtube.com\/watch?v=0XM1UFtaYKg&#8221; css=&#8221;&#8221;][\/vc_column][vc_column width=&#8221;1\/2&#8243;][vc_video link=&#8221;https:\/\/www.youtube.com\/watch?v=HJWccqM3658&#8243; css=&#8221;&#8221;][\/vc_column][\/vc_row][vc_row tm_bgimagefixed=&#8221;&#8221; break_in_responsive=&#8221;991&#8243;][vc_column width=&#8221;1\/2&#8243;][vc_column_text css=&#8221;&#8221;]<\/p>\n<div style=\"width: 640px;\" class=\"wp-video\"><video class=\"wp-video-shortcode\" id=\"video-1004-3\" width=\"640\" height=\"368\" preload=\"metadata\" controls=\"controls\"><source type=\"video\/mp4\" src=\"https:\/\/srdjanmarkovic.rs\/wp-content\/uploads\/2024\/01\/dr-srdja-markovic-video-rts.mp4?_=3\" \/><a href=\"https:\/\/srdjanmarkovic.rs\/wp-content\/uploads\/2024\/01\/dr-srdja-markovic-video-rts.mp4\">https:\/\/srdjanmarkovic.rs\/wp-content\/uploads\/2024\/01\/dr-srdja-markovic-video-rts.mp4<\/a><\/video><\/div>\n<p>[\/vc_column_text][\/vc_column][vc_column width=&#8221;1\/2&#8243;][vc_video link=&#8221;https:\/\/www.youtube.com\/watch?v=xilKWYeQwL8&#8243; css=&#8221;&#8221;][\/vc_column][\/vc_row][vc_row tm_bgimagefixed=&#8221;&#8221; break_in_responsive=&#8221;991&#8243;][vc_column width=&#8221;1\/2&#8243;][vc_video link=&#8221;https:\/\/www.youtube.com\/watch?v=yirTdhXKS4A&#8221; css=&#8221;&#8221;][\/vc_column][vc_column width=&#8221;1\/2&#8243;][vc_video link=&#8221;https:\/\/www.youtube.com\/watch?v=LOSWxbrmqFg&#8221; css=&#8221;&#8221;][\/vc_column][\/vc_row][vc_row tm_bgimagefixed=&#8221;&#8221; break_in_responsive=&#8221;991&#8243;][vc_column width=&#8221;1\/2&#8243;][vc_video link=&#8221;https:\/\/www.youtube.com\/watch?v=pfUCOhDHxv0&#8243; css=&#8221;&#8221;][\/vc_column][vc_column width=&#8221;1\/2&#8243;][vc_video link=&#8221;https:\/\/youtu.be\/fdTb45gGgwg&#8221; css=&#8221;&#8221;][\/vc_column][\/vc_row]<\/p>\n<\/div>","protected":false},"excerpt":{"rendered":"<p>[vc_row tm_bgimagefixed=&#8221;&#8221; break_in_responsive=&#8221;991&#8243;][vc_column width=&#8221;1\/2&#8243;][vc_video link=&#8221;https:\/\/www.youtube.com\/watch?v=3WJzizMzIm8&#8243;][\/vc_column][vc_column width=&#8221;1\/2&#8243;][vc_video link=&#8221;https:\/\/www.youtube.com\/watch?v=xeYLYzcBbcw&#8221;][\/vc_column][\/vc_row][vc_row tm_bgimagefixed=&#8221;&#8221; break_in_responsive=&#8221;991&#8243;][vc_column width=&#8221;1\/2&#8243;][vc_video link=&#8221;https:\/\/www.youtube.com\/watch?v=YD1KmmoIVVY&#8221;][\/vc_column][vc_column width=&#8221;1\/2&#8243;][vc_video link=&#8221;https:\/\/www.youtube.com\/watch?v=DatOLEMWZEY&#8221;][\/vc_column][\/vc_row][vc_row tm_bgimagefixed=&#8221;&#8221; break_in_responsive=&#8221;991&#8243;][vc_column width=&#8221;1\/2&#8243;][vc_video link=&#8221;https:\/\/www.youtube.com\/watch?v=K5B4QlQLxho&#8221;][\/vc_column][vc_column width=&#8221;1\/2&#8243;][vc_video link=&#8221;https:\/\/www.youtube.com\/watch?v=TH-Bm4xBFic&#8221;][\/vc_column][\/vc_row][vc_row tm_bgimagefixed=&#8221;&#8221; break_in_responsive=&#8221;991&#8243;][vc_column width=&#8221;1\/2&#8243;][vc_video link=&#8221;https:\/\/www.youtube.com\/watch?v=rk1y_7FRv9g&#8221;][\/vc_column][vc_column width=&#8221;1\/2&#8243;][vc_video link=&#8221;https:\/\/www.youtube.com\/watch?v=vD4lfQhPtq8&#8243;][\/vc_column][\/vc_row][vc_row tm_bgimagefixed=&#8221;&#8221; break_in_responsive=&#8221;991&#8243;][vc_column width=&#8221;1\/2&#8243;][vc_video link=&#8221;https:\/\/www.youtube.com\/watch?v=GSjfWkqFrl8&#8243;][\/vc_column][vc_column width=&#8221;1\/2&#8243;][vc_video link=&#8221;https:\/\/www.youtube.com\/watch?v=p5FI7w690i4&#8243;][\/vc_column][\/vc_row][vc_row tm_bgimagefixed=&#8221;&#8221; break_in_responsive=&#8221;991&#8243;][vc_column width=&#8221;1\/2&#8243;][vc_video link=&#8221;https:\/\/www.youtube.com\/watch?v=-xrjt_59wLk&amp;t=35s&#8221;][\/vc_column][vc_column width=&#8221;1\/2&#8243;][vc_video link=&#8221;https:\/\/www.youtube.com\/watch?v=ZTUF_q1x0So&#8221;][\/vc_column][\/vc_row][vc_row tm_bgimagefixed=&#8221;&#8221; break_in_responsive=&#8221;991&#8243;][vc_column width=&#8221;1\/2&#8243;][vc_video link=&#8221;https:\/\/www.youtube.com\/watch?v=OPlvaLRG0-k&#8221;][\/vc_column][vc_column width=&#8221;1\/2&#8243;][vc_column_text] [\/vc_column_text][\/vc_column][\/vc_row][vc_row tm_bgimagefixed=&#8221;&#8221; break_in_responsive=&#8221;991&#8243;][vc_column width=&#8221;1\/2&#8243;][vc_video link=&#8221;https:\/\/vimeo.com\/717248163&#8243;][\/vc_column][vc_column width=&#8221;1\/2&#8243;][vc_column_text] [\/vc_column_text][\/vc_column][\/vc_row][vc_row tm_bgimagefixed=&#8221;&#8221; break_in_responsive=&#8221;991&#8243;][vc_column width=&#8221;1\/2&#8243;][vc_video link=&#8221;https:\/\/youtu.be\/krtSYJeWqJE&#8221;][\/vc_column][vc_column width=&#8221;1\/2&#8243;][vc_video link=&#8221;https:\/\/www.youtube.com\/watch?v=XGAxTyzzSuA&#8221; &hellip; <a href=\"https:\/\/srdjanmarkovic.rs\/en\/dr-srdjan-markovic-in-media\/\" class=\"more-link\">Continue reading <span class=\"screen-reader-text\">In media<\/span><\/a><\/p>\n","protected":false},"author":1,"featured_media":4350,"parent":0,"menu_order":24,"comment_status":"closed","ping_status":"closed","template":"","meta":{"footnotes":""},"class_list":["post-1004","page","type-page","status-publish","has-post-thumbnail","hentry"],"yoast_head":"<!-- This site is optimized with the Yoast SEO plugin v26.2 - https:\/\/yoast.com\/wordpress\/plugins\/seo\/ -->\n<title>In media - Dr Srdjan Markovi\u0107<\/title>\n<meta name=\"description\" content=\"Media coverage: interviews and appearances of Dr. Sr\u0111an Markovi\u0107 on intestinal diseases, gastroenterology and modern IBD therapies. Watch the videos.\" \/>\n<meta name=\"robots\" content=\"index, follow, max-snippet:-1, max-image-preview:large, max-video-preview:-1\" \/>\n<link rel=\"canonical\" href=\"https:\/\/srdjanmarkovic.rs\/en\/dr-srdjan-markovic-in-media\/\" \/>\n<meta property=\"og:locale\" content=\"en_US\" \/>\n<meta property=\"og:type\" content=\"article\" \/>\n<meta property=\"og:title\" content=\"In media - Dr Srdjan Markovi\u0107\" \/>\n<meta property=\"og:description\" content=\"Media coverage: interviews and appearances of Dr. Sr\u0111an Markovi\u0107 on intestinal diseases, gastroenterology and modern IBD therapies. Watch the videos.\" \/>\n<meta property=\"og:url\" content=\"https:\/\/srdjanmarkovic.rs\/en\/dr-srdjan-markovic-in-media\/\" \/>\n<meta property=\"og:site_name\" content=\"Dr Srdjan Markovi\u0107\" \/>\n<meta property=\"article:publisher\" content=\"https:\/\/www.facebook.com\/srdjan.markovic.7737\" \/>\n<meta property=\"article:modified_time\" content=\"2025-08-16T16:51:17+00:00\" \/>\n<meta property=\"og:image\" content=\"https:\/\/srdjanmarkovic.rs\/en\/wp-content\/uploads\/2025\/08\/dr-srdjan-markovic-2.jpg\" \/>\n\t<meta property=\"og:image:width\" content=\"800\" \/>\n\t<meta property=\"og:image:height\" content=\"1067\" \/>\n\t<meta property=\"og:image:type\" content=\"image\/jpeg\" \/>\n<meta name=\"twitter:card\" content=\"summary_large_image\" \/>\n<meta name=\"twitter:label1\" content=\"Est. reading time\" \/>\n\t<meta name=\"twitter:data1\" content=\"1 minute\" \/>\n<script type=\"application\/ld+json\" class=\"yoast-schema-graph\">{\"@context\":\"https:\/\/schema.org\",\"@graph\":[{\"@type\":\"WebPage\",\"@id\":\"https:\/\/srdjanmarkovic.rs\/en\/dr-srdjan-markovic-in-media\/\",\"url\":\"https:\/\/srdjanmarkovic.rs\/en\/dr-srdjan-markovic-in-media\/\",\"name\":\"In media - Dr Srdjan Markovi\u0107\",\"isPartOf\":{\"@id\":\"https:\/\/srdjanmarkovic.rs\/en\/#website\"},\"primaryImageOfPage\":{\"@id\":\"https:\/\/srdjanmarkovic.rs\/en\/dr-srdjan-markovic-in-media\/#primaryimage\"},\"image\":{\"@id\":\"https:\/\/srdjanmarkovic.rs\/en\/dr-srdjan-markovic-in-media\/#primaryimage\"},\"thumbnailUrl\":\"https:\/\/srdjanmarkovic.rs\/en\/wp-content\/uploads\/2025\/08\/dr-srdjan-markovic-2.jpg\",\"datePublished\":\"2018-11-27T06:58:51+00:00\",\"dateModified\":\"2025-08-16T16:51:17+00:00\",\"description\":\"Media coverage: interviews and appearances of Dr. Sr\u0111an Markovi\u0107 on intestinal diseases, gastroenterology and modern IBD therapies. Watch the videos.\",\"breadcrumb\":{\"@id\":\"https:\/\/srdjanmarkovic.rs\/en\/dr-srdjan-markovic-in-media\/#breadcrumb\"},\"inLanguage\":\"en-US\",\"potentialAction\":[{\"@type\":\"ReadAction\",\"target\":[\"https:\/\/srdjanmarkovic.rs\/en\/dr-srdjan-markovic-in-media\/\"]}]},{\"@type\":\"ImageObject\",\"inLanguage\":\"en-US\",\"@id\":\"https:\/\/srdjanmarkovic.rs\/en\/dr-srdjan-markovic-in-media\/#primaryimage\",\"url\":\"https:\/\/srdjanmarkovic.rs\/en\/wp-content\/uploads\/2025\/08\/dr-srdjan-markovic-2.jpg\",\"contentUrl\":\"https:\/\/srdjanmarkovic.rs\/en\/wp-content\/uploads\/2025\/08\/dr-srdjan-markovic-2.jpg\",\"width\":800,\"height\":1067},{\"@type\":\"BreadcrumbList\",\"@id\":\"https:\/\/srdjanmarkovic.rs\/en\/dr-srdjan-markovic-in-media\/#breadcrumb\",\"itemListElement\":[{\"@type\":\"ListItem\",\"position\":1,\"name\":\"Home\",\"item\":\"https:\/\/srdjanmarkovic.rs\/en\/\"},{\"@type\":\"ListItem\",\"position\":2,\"name\":\"In media\"}]},{\"@type\":\"WebSite\",\"@id\":\"https:\/\/srdjanmarkovic.rs\/en\/#website\",\"url\":\"https:\/\/srdjanmarkovic.rs\/en\/\",\"name\":\"Dr Srdjan Markovi\u0107\",\"description\":\"Doktor Gastroenterolog\",\"publisher\":{\"@id\":\"https:\/\/srdjanmarkovic.rs\/en\/#\/schema\/person\/ea99da6b984aa866a2c93f3d3792b196\"},\"potentialAction\":[{\"@type\":\"SearchAction\",\"target\":{\"@type\":\"EntryPoint\",\"urlTemplate\":\"https:\/\/srdjanmarkovic.rs\/en\/?s={search_term_string}\"},\"query-input\":{\"@type\":\"PropertyValueSpecification\",\"valueRequired\":true,\"valueName\":\"search_term_string\"}}],\"inLanguage\":\"en-US\"},{\"@type\":[\"Person\",\"Organization\"],\"@id\":\"https:\/\/srdjanmarkovic.rs\/en\/#\/schema\/person\/ea99da6b984aa866a2c93f3d3792b196\",\"name\":\"Srdjan Markovic\",\"image\":{\"@type\":\"ImageObject\",\"inLanguage\":\"en-US\",\"@id\":\"https:\/\/srdjanmarkovic.rs\/en\/#\/schema\/person\/image\/\",\"url\":\"https:\/\/srdjanmarkovic.rs\/en\/wp-content\/uploads\/2022\/05\/DR-SRDJAN-MARKOVIC-LOGO.png\",\"contentUrl\":\"https:\/\/srdjanmarkovic.rs\/en\/wp-content\/uploads\/2022\/05\/DR-SRDJAN-MARKOVIC-LOGO.png\",\"width\":350,\"height\":44,\"caption\":\"Srdjan Markovic\"},\"logo\":{\"@id\":\"https:\/\/srdjanmarkovic.rs\/en\/#\/schema\/person\/image\/\"},\"sameAs\":[\"https:\/\/www.facebook.com\/srdjan.markovic.7737\",\"https:\/\/www.instagram.com\/drsrdjanmarkovic\/\",\"https:\/\/www.linkedin.com\/in\/srdjan-markovic-a8ba9b24\/\"]}]}<\/script>\n<!-- \/ Yoast SEO plugin. -->","yoast_head_json":{"title":"In media - Dr Srdjan Markovi\u0107","description":"Media coverage: interviews and appearances of Dr. Sr\u0111an Markovi\u0107 on intestinal diseases, gastroenterology and modern IBD therapies. Watch the videos.","robots":{"index":"index","follow":"follow","max-snippet":"max-snippet:-1","max-image-preview":"max-image-preview:large","max-video-preview":"max-video-preview:-1"},"canonical":"https:\/\/srdjanmarkovic.rs\/en\/dr-srdjan-markovic-in-media\/","og_locale":"en_US","og_type":"article","og_title":"In media - Dr Srdjan Markovi\u0107","og_description":"Media coverage: interviews and appearances of Dr. Sr\u0111an Markovi\u0107 on intestinal diseases, gastroenterology and modern IBD therapies. Watch the videos.","og_url":"https:\/\/srdjanmarkovic.rs\/en\/dr-srdjan-markovic-in-media\/","og_site_name":"Dr Srdjan Markovi\u0107","article_publisher":"https:\/\/www.facebook.com\/srdjan.markovic.7737","article_modified_time":"2025-08-16T16:51:17+00:00","og_image":[{"width":800,"height":1067,"url":"https:\/\/srdjanmarkovic.rs\/en\/wp-content\/uploads\/2025\/08\/dr-srdjan-markovic-2.jpg","type":"image\/jpeg"}],"twitter_card":"summary_large_image","twitter_misc":{"Est. reading time":"1 minute"},"schema":{"@context":"https:\/\/schema.org","@graph":[{"@type":"WebPage","@id":"https:\/\/srdjanmarkovic.rs\/en\/dr-srdjan-markovic-in-media\/","url":"https:\/\/srdjanmarkovic.rs\/en\/dr-srdjan-markovic-in-media\/","name":"In media - Dr Srdjan Markovi\u0107","isPartOf":{"@id":"https:\/\/srdjanmarkovic.rs\/en\/#website"},"primaryImageOfPage":{"@id":"https:\/\/srdjanmarkovic.rs\/en\/dr-srdjan-markovic-in-media\/#primaryimage"},"image":{"@id":"https:\/\/srdjanmarkovic.rs\/en\/dr-srdjan-markovic-in-media\/#primaryimage"},"thumbnailUrl":"https:\/\/srdjanmarkovic.rs\/en\/wp-content\/uploads\/2025\/08\/dr-srdjan-markovic-2.jpg","datePublished":"2018-11-27T06:58:51+00:00","dateModified":"2025-08-16T16:51:17+00:00","description":"Media coverage: interviews and appearances of Dr. Sr\u0111an Markovi\u0107 on intestinal diseases, gastroenterology and modern IBD therapies. Watch the videos.","breadcrumb":{"@id":"https:\/\/srdjanmarkovic.rs\/en\/dr-srdjan-markovic-in-media\/#breadcrumb"},"inLanguage":"en-US","potentialAction":[{"@type":"ReadAction","target":["https:\/\/srdjanmarkovic.rs\/en\/dr-srdjan-markovic-in-media\/"]}]},{"@type":"ImageObject","inLanguage":"en-US","@id":"https:\/\/srdjanmarkovic.rs\/en\/dr-srdjan-markovic-in-media\/#primaryimage","url":"https:\/\/srdjanmarkovic.rs\/en\/wp-content\/uploads\/2025\/08\/dr-srdjan-markovic-2.jpg","contentUrl":"https:\/\/srdjanmarkovic.rs\/en\/wp-content\/uploads\/2025\/08\/dr-srdjan-markovic-2.jpg","width":800,"height":1067},{"@type":"BreadcrumbList","@id":"https:\/\/srdjanmarkovic.rs\/en\/dr-srdjan-markovic-in-media\/#breadcrumb","itemListElement":[{"@type":"ListItem","position":1,"name":"Home","item":"https:\/\/srdjanmarkovic.rs\/en\/"},{"@type":"ListItem","position":2,"name":"In media"}]},{"@type":"WebSite","@id":"https:\/\/srdjanmarkovic.rs\/en\/#website","url":"https:\/\/srdjanmarkovic.rs\/en\/","name":"Dr Srdjan Markovi\u0107","description":"Doktor Gastroenterolog","publisher":{"@id":"https:\/\/srdjanmarkovic.rs\/en\/#\/schema\/person\/ea99da6b984aa866a2c93f3d3792b196"},"potentialAction":[{"@type":"SearchAction","target":{"@type":"EntryPoint","urlTemplate":"https:\/\/srdjanmarkovic.rs\/en\/?s={search_term_string}"},"query-input":{"@type":"PropertyValueSpecification","valueRequired":true,"valueName":"search_term_string"}}],"inLanguage":"en-US"},{"@type":["Person","Organization"],"@id":"https:\/\/srdjanmarkovic.rs\/en\/#\/schema\/person\/ea99da6b984aa866a2c93f3d3792b196","name":"Srdjan Markovic","image":{"@type":"ImageObject","inLanguage":"en-US","@id":"https:\/\/srdjanmarkovic.rs\/en\/#\/schema\/person\/image\/","url":"https:\/\/srdjanmarkovic.rs\/en\/wp-content\/uploads\/2022\/05\/DR-SRDJAN-MARKOVIC-LOGO.png","contentUrl":"https:\/\/srdjanmarkovic.rs\/en\/wp-content\/uploads\/2022\/05\/DR-SRDJAN-MARKOVIC-LOGO.png","width":350,"height":44,"caption":"Srdjan Markovic"},"logo":{"@id":"https:\/\/srdjanmarkovic.rs\/en\/#\/schema\/person\/image\/"},"sameAs":["https:\/\/www.facebook.com\/srdjan.markovic.7737","https:\/\/www.instagram.com\/drsrdjanmarkovic\/","https:\/\/www.linkedin.com\/in\/srdjan-markovic-a8ba9b24\/"]}]}},"_links":{"self":[{"href":"https:\/\/srdjanmarkovic.rs\/en\/wp-json\/wp\/v2\/pages\/1004","targetHints":{"allow":["GET"]}}],"collection":[{"href":"https:\/\/srdjanmarkovic.rs\/en\/wp-json\/wp\/v2\/pages"}],"about":[{"href":"https:\/\/srdjanmarkovic.rs\/en\/wp-json\/wp\/v2\/types\/page"}],"author":[{"embeddable":true,"href":"https:\/\/srdjanmarkovic.rs\/en\/wp-json\/wp\/v2\/users\/1"}],"replies":[{"embeddable":true,"href":"https:\/\/srdjanmarkovic.rs\/en\/wp-json\/wp\/v2\/comments?post=1004"}],"version-history":[{"count":26,"href":"https:\/\/srdjanmarkovic.rs\/en\/wp-json\/wp\/v2\/pages\/1004\/revisions"}],"predecessor-version":[{"id":4348,"href":"https:\/\/srdjanmarkovic.rs\/en\/wp-json\/wp\/v2\/pages\/1004\/revisions\/4348"}],"wp:featuredmedia":[{"embeddable":true,"href":"https:\/\/srdjanmarkovic.rs\/en\/wp-json\/wp\/v2\/media\/4350"}],"wp:attachment":[{"href":"https:\/\/srdjanmarkovic.rs\/en\/wp-json\/wp\/v2\/media?parent=1004"}],"curies":[{"name":"wp","href":"https:\/\/api.w.org\/{rel}","templated":true}]}}