{"id":997,"date":"2018-11-27T06:27:59","date_gmt":"2018-11-27T06:27:59","guid":{"rendered":"http:\/\/brivona.themetechmount.com\/?page_id=997"},"modified":"2023-03-24T09:19:57","modified_gmt":"2023-03-24T09:19:57","slug":"ibd-in-12-lessons","status":"publish","type":"page","link":"https:\/\/srdjanmarkovic.rs\/en\/ibd-in-12-lessons\/","title":{"rendered":"IBD in 12 lessons"},"content":{"rendered":"<div class=\"wpb-content-wrapper\"><p>[vc_row tm_bgimagefixed=&#8221;&#8221; break_in_responsive=&#8221;991&#8243;][vc_column][vc_single_image image=&#8221;4202&#8243; img_size=&#8221;full&#8221; alignment=&#8221;center&#8221;]<h4 style=\"text-align:left;font-size:26px;\" class=\"tm-custom-heading \" >IBD in 12 lessons<\/h4>\n[vc_column_text css=&#8221;.vc_custom_1679649491605{margin-bottom: 30px !important;}&#8221;]<\/p>\n<h2>Online Education and Monograph: &#8220;IBD in 12 Lessons<\/h2>\n<p>Inflammatory bowel diseases such as Crohn&#8217;s disease and ulcerative colitis are chronic conditions that significantly affect patients&#8217; lives. The use of various diagnostic procedures and biological drugs has greatly improved treatment outcomes.<\/p>\n<p>The goal of online IBD education in 12 lessons is to further improve the level of healthcare and quality of life for these patients through real cases from everyday clinical practice, interactive participation, and a multidisciplinary approach.<\/p>\n<p><strong>The original creator of the project is Assoc. Dr. Sr\u0111an Markovi\u0107.<\/strong>[\/vc_column_text][vc_column_text css=&#8221;.vc_custom_1679649588026{margin-bottom: 30px !important;}&#8221;]<strong>The Monograph &#8220;IBD in 12 Lessons&#8221; emerged from online education.<\/strong><\/p>\n<p>Docent Sr\u0111an Markovi\u0107 and Prof. Doctor Petar Svorcan authored the monograph &#8220;Inflammatory Bowel Diseases in 12 Lessons,&#8221; aiming to cover almost all clinical situations in which patients with these diseases can find themselves. They presented contemporary recommendations and concluded each chapter with realistic case presentations, graphically displayed, which put the reader in a real situation and applied the knowledge acquired in the chapter through questions and answers.<\/p>\n<p>Academician Prof. Dr. Zoran Krivokapi\u0107 and Prof. Dr. Njegica Joji\u0107 reviewed the monograph and emphasized its importance. Prof. Dr. Joji\u0107 stated during the promotion that the &#8220;Monograph&#8221; of IBD in 12 Lessons is unique in many respects, presenting the latest professional guidelines in recognizing, diagnosing, and treating patients with inflammatory bowel diseases. The book has practical significance, as cases from clinical practice are presented at the end of each chapter, along with a tabular representation of the adopted algorithms.<\/p>\n<p>The monograph is significant for the professional public and patients suffering from these diseases. The authors and their collaborators come from the most experienced and largest center for inflammatory bowel diseases.[\/vc_column_text]\n\t\t<div class=\"tm-vc_btn3-container tm-vc_btn3-inline\"><a class=\"tm-vc_general tm-vc_btn3 tm-vc_btn3-size-md tm-vc_btn3-shape-round tm-vc_btn3-style-flat tm-vc_btn3-weight-no tm-vc_btn3-color-skincolor\" href=\"https:\/\/gateway.on24.com\/wcc\/experience\/eliteabbviebiopharmfrance\/1593134\/2856630\/ibd-u-12-lekcija\" title=\"\"> SEE THE LESSONS<\/a><\/div>[\/vc_column][\/vc_row][vc_row tm_bgimagefixed=&#8221;&#8221; break_in_responsive=&#8221;991&#8243; full_width=&#8221;stretch_row&#8221; gap=&#8221;20&#8243;][vc_column width=&#8221;1\/2&#8243; css=&#8221;.vc_custom_1542621449288{border-top-width: 1px !important;border-right-width: 1px !important;border-bottom-width: 1px !important;border-left-width: 1px !important;padding-right: 0px !important;padding-left: 0px !important;border-left-color: #e7f1f4 !important;border-left-style: solid !important;border-right-color: #e7f1f4 !important;border-right-style: solid !important;border-top-color: #e7f1f4 !important;border-top-style: solid !important;border-bottom-color: #e7f1f4 !important;border-bottom-style: solid !important;}&#8221;][\/vc_column][vc_column width=&#8221;1\/2&#8243; css=&#8221;.vc_custom_1542619543221{border-top-width: 1px !important;border-right-width: 1px !important;border-bottom-width: 1px !important;border-left-width: 1px !important;padding-right: 0px !important;padding-left: 0px !important;border-left-color: #e7f1f4 !important;border-left-style: solid !important;border-right-color: #e7f1f4 !important;border-right-style: solid !important;border-top-color: #e7f1f4 !important;border-top-style: solid !important;border-bottom-color: #e7f1f4 !important;border-bottom-style: solid !important;}&#8221;][\/vc_column][\/vc_row][vc_row tm_bgimagefixed=&#8221;&#8221; break_in_responsive=&#8221;991&#8243; full_width=&#8221;stretch_row&#8221; css=&#8221;.vc_custom_1542620700196{padding-top: 30px !important;}&#8221;][vc_column][vc_row_inner][vc_column_inner width=&#8221;1\/2&#8243;][\/vc_column_inner][vc_column_inner width=&#8221;1\/2&#8243;][\/vc_column_inner][\/vc_row_inner][\/vc_column][\/vc_row]<\/p>\n<\/div>","protected":false},"excerpt":{"rendered":"<p>[vc_row tm_bgimagefixed=&#8221;&#8221; break_in_responsive=&#8221;991&#8243;][vc_column][vc_single_image image=&#8221;4202&#8243; img_size=&#8221;full&#8221; alignment=&#8221;center&#8221;][vc_column_text css=&#8221;.vc_custom_1679649491605{margin-bottom: 30px !important;}&#8221;] Online Education and Monograph: &#8220;IBD in 12 Lessons Inflammatory bowel diseases such as Crohn&#8217;s disease and ulcerative colitis are chronic conditions that significantly affect patients&#8217; lives. The use of various diagnostic procedures and biological drugs has greatly improved treatment outcomes. The goal of online IBD education &hellip; <a href=\"https:\/\/srdjanmarkovic.rs\/en\/ibd-in-12-lessons\/\" class=\"more-link\">Continue reading <span class=\"screen-reader-text\">IBD in 12 lessons<\/span><\/a><\/p>\n","protected":false},"author":1,"featured_media":0,"parent":0,"menu_order":25,"comment_status":"closed","ping_status":"closed","template":"","meta":{"footnotes":""},"class_list":["post-997","page","type-page","status-publish","hentry"],"yoast_head":"<!-- This site is optimized with the Yoast SEO plugin v26.2 - https:\/\/yoast.com\/wordpress\/plugins\/seo\/ -->\n<title>IBD in 12 lessons - Dr Srdjan Markovi\u0107<\/title>\n<meta name=\"robots\" content=\"index, follow, max-snippet:-1, max-image-preview:large, max-video-preview:-1\" \/>\n<link rel=\"canonical\" href=\"https:\/\/srdjanmarkovic.rs\/en\/ibd-in-12-lessons\/\" \/>\n<meta property=\"og:locale\" content=\"en_US\" \/>\n<meta property=\"og:type\" content=\"article\" \/>\n<meta property=\"og:title\" content=\"IBD in 12 lessons - Dr Srdjan Markovi\u0107\" \/>\n<meta property=\"og:description\" content=\"[vc_row tm_bgimagefixed=&#8221;&#8221; break_in_responsive=&#8221;991&#8243;][vc_column][vc_single_image image=&#8221;4202&#8243; img_size=&#8221;full&#8221; alignment=&#8221;center&#8221;][vc_column_text css=&#8221;.vc_custom_1679649491605{margin-bottom: 30px !important;}&#8221;] Online Education and Monograph: &#8220;IBD in 12 Lessons Inflammatory bowel diseases such as Crohn&#8217;s disease and ulcerative colitis are chronic conditions that significantly affect patients&#8217; lives. The use of various diagnostic procedures and biological drugs has greatly improved treatment outcomes. The goal of online IBD education &hellip; Continue reading IBD in 12 lessons\" \/>\n<meta property=\"og:url\" content=\"https:\/\/srdjanmarkovic.rs\/en\/ibd-in-12-lessons\/\" \/>\n<meta property=\"og:site_name\" content=\"Dr Srdjan Markovi\u0107\" \/>\n<meta property=\"article:publisher\" content=\"https:\/\/www.facebook.com\/srdjan.markovic.7737\" \/>\n<meta property=\"article:modified_time\" content=\"2023-03-24T09:19:57+00:00\" \/>\n<meta name=\"twitter:card\" content=\"summary_large_image\" \/>\n<meta name=\"twitter:label1\" content=\"Est. reading time\" \/>\n\t<meta name=\"twitter:data1\" content=\"3 minutes\" \/>\n<script type=\"application\/ld+json\" class=\"yoast-schema-graph\">{\"@context\":\"https:\/\/schema.org\",\"@graph\":[{\"@type\":\"WebPage\",\"@id\":\"https:\/\/srdjanmarkovic.rs\/en\/ibd-in-12-lessons\/\",\"url\":\"https:\/\/srdjanmarkovic.rs\/en\/ibd-in-12-lessons\/\",\"name\":\"IBD in 12 lessons - Dr Srdjan Markovi\u0107\",\"isPartOf\":{\"@id\":\"https:\/\/srdjanmarkovic.rs\/en\/#website\"},\"datePublished\":\"2018-11-27T06:27:59+00:00\",\"dateModified\":\"2023-03-24T09:19:57+00:00\",\"breadcrumb\":{\"@id\":\"https:\/\/srdjanmarkovic.rs\/en\/ibd-in-12-lessons\/#breadcrumb\"},\"inLanguage\":\"en-US\",\"potentialAction\":[{\"@type\":\"ReadAction\",\"target\":[\"https:\/\/srdjanmarkovic.rs\/en\/ibd-in-12-lessons\/\"]}]},{\"@type\":\"BreadcrumbList\",\"@id\":\"https:\/\/srdjanmarkovic.rs\/en\/ibd-in-12-lessons\/#breadcrumb\",\"itemListElement\":[{\"@type\":\"ListItem\",\"position\":1,\"name\":\"Home\",\"item\":\"https:\/\/srdjanmarkovic.rs\/en\/\"},{\"@type\":\"ListItem\",\"position\":2,\"name\":\"IBD in 12 lessons\"}]},{\"@type\":\"WebSite\",\"@id\":\"https:\/\/srdjanmarkovic.rs\/en\/#website\",\"url\":\"https:\/\/srdjanmarkovic.rs\/en\/\",\"name\":\"Dr Srdjan Markovi\u0107\",\"description\":\"Doktor Gastroenterolog\",\"publisher\":{\"@id\":\"https:\/\/srdjanmarkovic.rs\/en\/#\/schema\/person\/ea99da6b984aa866a2c93f3d3792b196\"},\"potentialAction\":[{\"@type\":\"SearchAction\",\"target\":{\"@type\":\"EntryPoint\",\"urlTemplate\":\"https:\/\/srdjanmarkovic.rs\/en\/?s={search_term_string}\"},\"query-input\":{\"@type\":\"PropertyValueSpecification\",\"valueRequired\":true,\"valueName\":\"search_term_string\"}}],\"inLanguage\":\"en-US\"},{\"@type\":[\"Person\",\"Organization\"],\"@id\":\"https:\/\/srdjanmarkovic.rs\/en\/#\/schema\/person\/ea99da6b984aa866a2c93f3d3792b196\",\"name\":\"Srdjan Markovic\",\"image\":{\"@type\":\"ImageObject\",\"inLanguage\":\"en-US\",\"@id\":\"https:\/\/srdjanmarkovic.rs\/en\/#\/schema\/person\/image\/\",\"url\":\"https:\/\/srdjanmarkovic.rs\/en\/wp-content\/uploads\/2022\/05\/DR-SRDJAN-MARKOVIC-LOGO.png\",\"contentUrl\":\"https:\/\/srdjanmarkovic.rs\/en\/wp-content\/uploads\/2022\/05\/DR-SRDJAN-MARKOVIC-LOGO.png\",\"width\":350,\"height\":44,\"caption\":\"Srdjan Markovic\"},\"logo\":{\"@id\":\"https:\/\/srdjanmarkovic.rs\/en\/#\/schema\/person\/image\/\"},\"sameAs\":[\"https:\/\/www.facebook.com\/srdjan.markovic.7737\",\"https:\/\/www.instagram.com\/drsrdjanmarkovic\/\",\"https:\/\/www.linkedin.com\/in\/srdjan-markovic-a8ba9b24\/\"]}]}<\/script>\n<!-- \/ Yoast SEO plugin. -->","yoast_head_json":{"title":"IBD in 12 lessons - Dr Srdjan Markovi\u0107","robots":{"index":"index","follow":"follow","max-snippet":"max-snippet:-1","max-image-preview":"max-image-preview:large","max-video-preview":"max-video-preview:-1"},"canonical":"https:\/\/srdjanmarkovic.rs\/en\/ibd-in-12-lessons\/","og_locale":"en_US","og_type":"article","og_title":"IBD in 12 lessons - Dr Srdjan Markovi\u0107","og_description":"[vc_row tm_bgimagefixed=&#8221;&#8221; break_in_responsive=&#8221;991&#8243;][vc_column][vc_single_image image=&#8221;4202&#8243; img_size=&#8221;full&#8221; alignment=&#8221;center&#8221;][vc_column_text css=&#8221;.vc_custom_1679649491605{margin-bottom: 30px !important;}&#8221;] Online Education and Monograph: &#8220;IBD in 12 Lessons Inflammatory bowel diseases such as Crohn&#8217;s disease and ulcerative colitis are chronic conditions that significantly affect patients&#8217; lives. The use of various diagnostic procedures and biological drugs has greatly improved treatment outcomes. The goal of online IBD education &hellip; Continue reading IBD in 12 lessons","og_url":"https:\/\/srdjanmarkovic.rs\/en\/ibd-in-12-lessons\/","og_site_name":"Dr Srdjan Markovi\u0107","article_publisher":"https:\/\/www.facebook.com\/srdjan.markovic.7737","article_modified_time":"2023-03-24T09:19:57+00:00","twitter_card":"summary_large_image","twitter_misc":{"Est. reading time":"3 minutes"},"schema":{"@context":"https:\/\/schema.org","@graph":[{"@type":"WebPage","@id":"https:\/\/srdjanmarkovic.rs\/en\/ibd-in-12-lessons\/","url":"https:\/\/srdjanmarkovic.rs\/en\/ibd-in-12-lessons\/","name":"IBD in 12 lessons - Dr Srdjan Markovi\u0107","isPartOf":{"@id":"https:\/\/srdjanmarkovic.rs\/en\/#website"},"datePublished":"2018-11-27T06:27:59+00:00","dateModified":"2023-03-24T09:19:57+00:00","breadcrumb":{"@id":"https:\/\/srdjanmarkovic.rs\/en\/ibd-in-12-lessons\/#breadcrumb"},"inLanguage":"en-US","potentialAction":[{"@type":"ReadAction","target":["https:\/\/srdjanmarkovic.rs\/en\/ibd-in-12-lessons\/"]}]},{"@type":"BreadcrumbList","@id":"https:\/\/srdjanmarkovic.rs\/en\/ibd-in-12-lessons\/#breadcrumb","itemListElement":[{"@type":"ListItem","position":1,"name":"Home","item":"https:\/\/srdjanmarkovic.rs\/en\/"},{"@type":"ListItem","position":2,"name":"IBD in 12 lessons"}]},{"@type":"WebSite","@id":"https:\/\/srdjanmarkovic.rs\/en\/#website","url":"https:\/\/srdjanmarkovic.rs\/en\/","name":"Dr Srdjan Markovi\u0107","description":"Doktor Gastroenterolog","publisher":{"@id":"https:\/\/srdjanmarkovic.rs\/en\/#\/schema\/person\/ea99da6b984aa866a2c93f3d3792b196"},"potentialAction":[{"@type":"SearchAction","target":{"@type":"EntryPoint","urlTemplate":"https:\/\/srdjanmarkovic.rs\/en\/?s={search_term_string}"},"query-input":{"@type":"PropertyValueSpecification","valueRequired":true,"valueName":"search_term_string"}}],"inLanguage":"en-US"},{"@type":["Person","Organization"],"@id":"https:\/\/srdjanmarkovic.rs\/en\/#\/schema\/person\/ea99da6b984aa866a2c93f3d3792b196","name":"Srdjan Markovic","image":{"@type":"ImageObject","inLanguage":"en-US","@id":"https:\/\/srdjanmarkovic.rs\/en\/#\/schema\/person\/image\/","url":"https:\/\/srdjanmarkovic.rs\/en\/wp-content\/uploads\/2022\/05\/DR-SRDJAN-MARKOVIC-LOGO.png","contentUrl":"https:\/\/srdjanmarkovic.rs\/en\/wp-content\/uploads\/2022\/05\/DR-SRDJAN-MARKOVIC-LOGO.png","width":350,"height":44,"caption":"Srdjan Markovic"},"logo":{"@id":"https:\/\/srdjanmarkovic.rs\/en\/#\/schema\/person\/image\/"},"sameAs":["https:\/\/www.facebook.com\/srdjan.markovic.7737","https:\/\/www.instagram.com\/drsrdjanmarkovic\/","https:\/\/www.linkedin.com\/in\/srdjan-markovic-a8ba9b24\/"]}]}},"_links":{"self":[{"href":"https:\/\/srdjanmarkovic.rs\/en\/wp-json\/wp\/v2\/pages\/997","targetHints":{"allow":["GET"]}}],"collection":[{"href":"https:\/\/srdjanmarkovic.rs\/en\/wp-json\/wp\/v2\/pages"}],"about":[{"href":"https:\/\/srdjanmarkovic.rs\/en\/wp-json\/wp\/v2\/types\/page"}],"author":[{"embeddable":true,"href":"https:\/\/srdjanmarkovic.rs\/en\/wp-json\/wp\/v2\/users\/1"}],"replies":[{"embeddable":true,"href":"https:\/\/srdjanmarkovic.rs\/en\/wp-json\/wp\/v2\/comments?post=997"}],"version-history":[{"count":19,"href":"https:\/\/srdjanmarkovic.rs\/en\/wp-json\/wp\/v2\/pages\/997\/revisions"}],"predecessor-version":[{"id":4325,"href":"https:\/\/srdjanmarkovic.rs\/en\/wp-json\/wp\/v2\/pages\/997\/revisions\/4325"}],"wp:attachment":[{"href":"https:\/\/srdjanmarkovic.rs\/en\/wp-json\/wp\/v2\/media?parent=997"}],"curies":[{"name":"wp","href":"https:\/\/api.w.org\/{rel}","templated":true}]}}